{"id":492,"date":"2023-11-10T20:55:26","date_gmt":"2023-11-10T20:55:26","guid":{"rendered":"https:\/\/northstardroneshows.com\/?page_id=492"},"modified":"2026-04-07T19:40:29","modified_gmt":"2026-04-07T19:40:29","slug":"home-copy","status":"publish","type":"page","link":"https:\/\/northstardroneshows.com\/fr\/","title":{"rendered":"Copie de la maison"},"content":{"rendered":"<h1  data-animation-delay=\"0\" data-animation-duration=\"1\">\n\t\t\tNos spectacles de drones <br>\nracontent une belle histoire\t<\/h1>\n<h1  data-animation-delay=\"0.2\" data-animation-duration=\"1\">\n\t\t\t\u00c9levons votre \u00e9v\u00e9nement\t<\/h1>\n\t\t\t<a href=\"mailto:patrice@northstar-fireworks.com\"  target=\"_blank\" rel=\"noopener\">\n\t\t\t\t\t\t\tR\u00e9servez maintenant\n\t\t\t\t\t<\/a>\n\t\t\t<a href=\"#how\"  target=\"_self\">\n\t\t\t\t\t\t\tNotre approche\n\t\t\t\t\t<\/a>\n<h4>\n\t\t\tNotre approche\t<\/h4>\n<h3  id=\"how\">\n\t\t\tLes piliers cl\u00e9s\t<\/h3>\n\t<h3>Excellence<\/h3>\n\t<p>EXCELLENCE \u2013 Notre objectif principal chez North Star est de proposer des spectacles de drones \u00e0 couper le souffle qui \u00e9tablissent une nouvelle barre en mati\u00e8re de divertissement visuel. Nous avons mis \u00e0 profit nos 30 ann\u00e9es d\u2019exp\u00e9rience en performance pyrotechnique, ainsi qu\u2019un investissement majeur dans la technologie et l\u2019expertise, et avons r\u00e9uni la meilleure \u00e9quipe avec les meilleurs outils du secteur.<\/p>\n\t<h3>Innovation<\/h3>\n\t<p>INNOVATION \u2013 Les spectacles d\u2019essaimage de drones sont la toute derni\u00e8re plate-forme multim\u00e9dia qui prend de l\u2019ampleur \u00e0 travers le monde. La science et la technologie derri\u00e8re ce mouvement passionnant ont suscit\u00e9 la curiosit\u00e9 du monde du divertissement et de l\u2019entreprise.<\/p>\n\t<h3>Inspiration<\/h3>\n\t<p>INSPIRATION \u2013 Le monde et la fa\u00e7on dont nous le regardons ont chang\u00e9 ; la science et la technologie verte seront le moteur de nos objectifs cumulatifs. Les \u00e9missions de drones offrent cela comme un changement inspirant par rapport aux m\u00e9dias conventionnels, dans la mesure o\u00f9 ils sont exempts de pollution de l&#039;air, de pollution sonore, de pollution de l&#039;eau et de risques d&#039;incendie.<\/p>\n\t<h3>Imagination<\/h3>\n\t<p>IMAGINATION \u2013 Alors que l\u2019industrie de la haute technologie rencontre le ciel nocturne, les possibilit\u00e9s artistiques de spectacles de drones sont infinies. Des messages subtils aux images audacieuses en passant par les logos d&#039;entreprise, la nouvelle cr\u00e9ativit\u00e9 et la nouvelle vision occupent le devant de la sc\u00e8ne dans la conception visuelle.<\/p>\n\t<p><a href=\"https:\/\/northstardroneshows.com\/fr\/about-us\/\" rel=\"noopener\">En savoir plus sur notre approche<\/a><\/p>\n<h4  id=\"how\">\n\t\t\tNos clients\t<\/h4>\n<h3 class=\"translation-block\"><span class=\"fl-heading-text\">Marques avec qui<br>nous avons travaill\u00e9<\/span><\/h3>\n<h4>\n\t\t\tSpectacles r\u00e9cents\t<\/h4>\n<h3>\n\t\t\tNos \u00e9v\u00e9nements passionnants\t<\/h3>\n\t\t<iframe loading=\"lazy\" width=\"560\" height=\"415\" src=\"https:\/\/www.youtube.com\/embed\/v-P6gRrJYxY?si=WAHFK9OXX6IB4j4z\" title=\"Lecteur vid\u00e9o YouTube\" frameborder=\"0\" allow=\"accelerometer; autoplay; clipboard-write; encrypted-media; gyroscope; picture-in-picture; web-share\" allowfullscreen><\/iframe>\t\n\t\t<iframe loading=\"lazy\" width=\"560\" height=\"415\" src=\"https:\/\/www.youtube.com\/embed\/edyD1qTUtV8?si=dfSZbYWiH7Lug4Bb\" title=\"Lecteur vid\u00e9o YouTube\" frameborder=\"0\" allow=\"accelerometer; autoplay; clipboard-write; encrypted-media; gyroscope; picture-in-picture; web-share\" allowfullscreen><\/iframe>\t\n\t\t<iframe loading=\"lazy\" width=\"560\" height=\"415\" src=\"https:\/\/www.youtube.com\/embed\/RKwHopGXBRo?si=rewcnyceJVXS4iem\" title=\"Lecteur vid\u00e9o YouTube\" frameborder=\"0\" allow=\"accelerometer; autoplay; clipboard-write; encrypted-media; gyroscope; picture-in-picture; web-share\" allowfullscreen><\/iframe>\t\n\t<p><a href=\"https:\/\/www.youtube.com\/channel\/UChFrp8ncswgiyoq_1h1S5KA\" target=\"_blank\" rel=\"noopener\">Voir des spectacles plus r\u00e9cents<\/a><\/p>\n\t\t<h3>Pr\u00eat \u00e0 en d\u00e9couvrir plus?<\/h3>\n\t\t<p>Contactez-nous d\u00e8s aujourd&#039;hui pour voir comment nous pouvons rehausser votre \u00e9v\u00e9nement\u00a0!<\/p>\n\t\t\t<a href=\"mailto:patrice@northstar-fireworks.com\"  target=\"_blank\" rel=\"noopener\">\n\t\t\t\t\t\t\tCONTACTEZ-NOUS\n\t\t\t\t\t<\/a>","protected":false},"excerpt":{"rendered":"<p>Nos spectacles de drones racontent une belle histoire \u00c9levons votre \u00e9v\u00e9nement R\u00e9servez maintenant Notre approche Notre approche Les piliers cl\u00e9s Excellence EXCELLENCE \u2013 Notre objectif principal chez North Star est de proposer des spectacles de drones \u00e0 couper le souffle qui \u00e9tablissent une nouvelle barre en mati\u00e8re de divertissement visuel. Nous avons mis \u00e0 profit nos 30 ann\u00e9es d\u2019exp\u00e9rience en performances pyrotechniques, ainsi que\u2026 <a title=\"Copie de la maison\" class=\"read-more\" href=\"https:\/\/northstardroneshows.com\/fr\/\" aria-label=\"En savoir plus sur Copie de la maison\">Continuer la lecture<\/a><\/p>","protected":false},"author":1,"featured_media":0,"parent":0,"menu_order":0,"comment_status":"closed","ping_status":"closed","template":"","meta":{"footnotes":""},"class_list":["post-492","page","type-page","status-publish"],"_links":{"self":[{"href":"https:\/\/northstardroneshows.com\/fr\/wp-json\/wp\/v2\/pages\/492","targetHints":{"allow":["GET"]}}],"collection":[{"href":"https:\/\/northstardroneshows.com\/fr\/wp-json\/wp\/v2\/pages"}],"about":[{"href":"https:\/\/northstardroneshows.com\/fr\/wp-json\/wp\/v2\/types\/page"}],"author":[{"embeddable":true,"href":"https:\/\/northstardroneshows.com\/fr\/wp-json\/wp\/v2\/users\/1"}],"replies":[{"embeddable":true,"href":"https:\/\/northstardroneshows.com\/fr\/wp-json\/wp\/v2\/comments?post=492"}],"version-history":[{"count":21,"href":"https:\/\/northstardroneshows.com\/fr\/wp-json\/wp\/v2\/pages\/492\/revisions"}],"predecessor-version":[{"id":668,"href":"https:\/\/northstardroneshows.com\/fr\/wp-json\/wp\/v2\/pages\/492\/revisions\/668"}],"wp:attachment":[{"href":"https:\/\/northstardroneshows.com\/fr\/wp-json\/wp\/v2\/media?parent=492"}],"curies":[{"name":"wp","href":"https:\/\/api.w.org\/{rel}","templated":true}]}}