{"id":47,"date":"2023-10-02T21:38:34","date_gmt":"2023-10-02T21:38:34","guid":{"rendered":"https:\/\/northstardroneshows.com\/?page_id=47"},"modified":"2025-09-19T14:12:07","modified_gmt":"2025-09-19T14:12:07","slug":"about-us","status":"publish","type":"page","link":"https:\/\/northstardroneshows.com\/fr\/about-us\/","title":{"rendered":"\u00c0 propos de nous"},"content":{"rendered":"<h3  id=\"how\">\n\t\t\tPourquoi des spectacles de Drone ?\t<\/h3>\n\t<p>Pourquoi devriez-vous faire un spectacle de drones ? Bonne question!<\/p>\n<p>Les spectacles de drones sont \u00e0 l\u2019aube de leur grandeur. Il y a plusieurs raisons pour lesquelles nous allons voir leur popularit\u00e9 augmenter en Am\u00e9rique du Nord\u00a0:<\/p>\n<ul>\n<li>De nouvelles possibilit\u00e9s artistiques passionnantes<\/li>\n<li>Capacit\u00e9 de narration<\/li>\n<li>R\u00e9plication parfaite des logos des sponsors<\/li>\n<li>Technologie verte<\/li>\n<li>Calme (le public et ses animaux appr\u00e9cient cela\u00a0!)<\/li>\n<\/ul>\n<h3  id=\"how\">\n\t\t\tNotre \u00e9quipement\t<\/h3>\n\t<p>Pour cr\u00e9er certains des spectacles de drones les plus impressionnants en Am\u00e9rique du Nord, nous utilisons une technologie de pointe. Cela inclut les drones IFO, le drone le plus avanc\u00e9 au monde. Les drones IFO sont fabriqu\u00e9s en fibre de carbone pour une durabilit\u00e9 ultime et disposent de lumi\u00e8res incroyablement brillantes de 840 lumens. Avec eux, nous pouvons recr\u00e9er plus de 16 millions de couleurs, ce qui nous permet de faire correspondre les couleurs de toutes les marques. Ces drones ont une longue autonomie pour des spectacles de plus de 12 minutes et une pr\u00e9cision de positionnement de 10 cm. Le positionnement des drones est r\u00e9alis\u00e9 gr\u00e2ce \u00e0 l\u2019utilisation d\u2019un GPS cin\u00e9matique en temps r\u00e9el, permettant une pr\u00e9cision incroyable. Chaque syst\u00e8me critique du drone est triple redondant, assurant non pas une, mais deux sauvegardes pour garantir la perfection.<\/p>\n<h3  id=\"how\">\n\t\t\tNotre technologie\t<\/h3>\n\t<p>Nous concevons nos spectacles avec une plateforme d&#039;animation 3D, que nous utilisons pour cr\u00e9er des rendus photor\u00e9alistes de nos cr\u00e9ations. Cela signifie que nos clients voient exactement \u00e0 quoi ressemblera le spectacle\u2026 avant qu\u2019un drone ne d\u00e9colle du sol.<\/p>\n<h3  id=\"how\">\n\t\t\tNotre processus\t<\/h3>\n\t<p>Notre processus de conception d\u2019un spectacle de drones Northstar pour nos clients est une proc\u00e9dure \u00e9prouv\u00e9e. Notre \u00e9quipe d\u2019experts exp\u00e9riment\u00e9s est pr\u00eate \u00e0 relever votre d\u00e9fi.<\/p>\n\t\t\t\t<img decoding=\"async\" src=\"https:\/\/northstardroneshows.com\/wp-content\/uploads\/2023\/11\/show-design-flowchart-horizontal-fr.png\" alt=\"show-design-flowchart-horizontal\" itemprop=\"image\" height=\"333\" width=\"1050\" title=\"show-design-organigramme-horizontal\" onerror=\"this.style.display='none'\" loading=\"lazy\" \/>\n<h3  id=\"how\">\n\t\t\tNotre \u00e9quipe\t<\/h3>\n\tNotre \u00e9quipe de professionnels combine une expertise approfondie en pyrotechnie et en chor\u00e9graphie de drones avec une attention m\u00e9ticuleuse aux d\u00e9tails et \u00e0 l&#039;assurance qualit\u00e9, pour produire des \u00e9v\u00e9nements stellaires qui illuminent le ciel nocturne.<br \/>\nRencontrez les conteurs\u2026\n\t\t\t\t<img decoding=\"async\" src=\"https:\/\/northstardroneshows.com\/wp-content\/uploads\/2023\/11\/patrice-guy.jpg\" alt=\"patrice-guy\" itemprop=\"image\" height=\"348\" width=\"348\" title=\"patrice-guy\" onerror=\"this.style.display='none'\" loading=\"lazy\" \/>\n\t<h3>Patrice Guy<\/h3>\n<p>Patrice est copropri\u00e9taire et directeur technique de North Star Entertainment et est l&#039;ancien vice-pr\u00e9sident du Conseil pyrotechnique canadien.<\/p>\n<p>Patrice est un v\u00e9t\u00e9ran de 33 ans dans l&#039;industrie pyrotechnique internationale, sp\u00e9cialis\u00e9 dans la conception musicale pyrotechnique, la production de spectacles et les spectacles de lumi\u00e8re par drone. Plus r\u00e9cemment, Patrice a \u00e9t\u00e9 directeur technique du Concours musical international de pyro des Philippines 2017, 2018 et 2019. Il a travaill\u00e9 avec Ocean Park, Sea World, Hong Kong, Shanghai et Anaheim Disneyland, les Jeux olympiques sp\u00e9ciaux de Shanghai et les Jeux asiatiques. Il a \u00e9galement \u00e9t\u00e9 pr\u00e9sent\u00e9 dans l&#039;\u00e9mission \u00ab\u00a0Inside Hong Kong&#039;s Big Bang\u00a0\u00bb de la cha\u00eene National Geographic. Son travail a \u00e9tabli \u00e0 deux reprises le record mondial Guinness : en tant que concepteur et directeur technique du 84e anniversaire de Son Altesse le Roi de Tha\u00eflande en 2011, et en tant que producteur du plus grand spectacle pyrotechnique jamais r\u00e9alis\u00e9 en 2017. Apr\u00e8s des ann\u00e9es \u00e0 l&#039;\u00e9tranger pour des spectacles internationaux, Patrice est venu au Canada pour rejoindre North Star Entertainment.<\/p>\n<p>Dans ses activit\u00e9s quotidiennes, Patrice est responsable de la conception, de la planification et de l&#039;ex\u00e9cution de nos spectacles pyromusicaux \u00e0 grande \u00e9chelle ainsi que de tous nos spectacles de drones.<\/p>\n\t\t\t\t<img decoding=\"async\" src=\"https:\/\/northstardroneshows.com\/wp-content\/uploads\/2023\/11\/Dustin.png\" alt=\"Dustin\" itemprop=\"image\" height=\"348\" width=\"348\" title=\"Dustin\" onerror=\"this.style.display='none'\" loading=\"lazy\" \/>\n\t<h3>Dustin Hadley<\/h3>\n<p>Arm\u00e9 d&#039;un dipl\u00f4me en criminologie, Dustin a fait un d\u00e9tour inattendu du monde de la r\u00e9solution de crimes pour plonger t\u00eate premi\u00e8re dans le monde explosif du divertissement. Car qui a besoin d\u2019empreintes digitales quand on peut laisser une marque ind\u00e9l\u00e9bile dans le ciel ?<\/p>\n<p>N\u00e9 et \u00e9lev\u00e9 dans la r\u00e9gion du Grand Toronto, Dustin a trouv\u00e9 sa v\u00e9ritable vocation dans un territoire inexplor\u00e9 o\u00f9 la technologie et le spectacle se rencontrent. En tant que nerd autoproclam\u00e9, Dustin a d\u00e9couvert la formule secr\u00e8te pour transformer les pixels et la poudre explosive en pure magie, transformant le banal en extraordinaire.<\/p>\n<p>Au-del\u00e0 des lumi\u00e8res \u00e9blouissantes et des affaires s\u00e9rieuses, Dustin est un amoureux d\u00e9vou\u00e9 des animaux de compagnie, trouvant du r\u00e9confort en compagnie de ses amis \u00e0 quatre pattes lorsqu&#039;il n&#039;orchestre pas des symphonies en direction du ciel. La rumeur veut que leurs animaux de compagnie soient des membres honoraires de l&#039;\u00e9quipe de Northstar Entertainment, avec des laissez-passer pour les coulisses et tout.<\/p>\n<p>Discutez davantage avec lui sur LinkedIn\u00a0: <a href=\"https:\/\/www.linkedin.com\/in\/dustin-hadley-9a46a7a8\/\" target=\"_blank\" rel=\"noopener\">https:\/\/www.linkedin.com\/in\/dustin-hadley-9a46a7a8\/<\/a><\/p>\n<p>E-mail: <a href=\"mailto:Dustin@northstar-fireworks.com\">Dustin@northstar-fireworks.com<\/a><\/p>\n\t\t\t\t<img decoding=\"async\" src=\"https:\/\/northstardroneshows.com\/wp-content\/plugins\/bb-plugin\/img\/pixel.png\" alt=\"\" itemprop=\"image\" onerror=\"this.style.display='none'\" loading=\"lazy\" \/>\n\t\t<h3>Pr\u00eat \u00e0 en d\u00e9couvrir plus?<\/h3>\n\t\t<p>Contactez-nous d\u00e8s aujourd&#039;hui pour voir comment nous pouvons rehausser votre \u00e9v\u00e9nement\u00a0!<\/p>\n\t\t\t<a href=\"mailto:patrice@northstar-fireworks.com\" target=\"_blank\" rel=\"noopener\">\n\t\t\t\t\t\t\tCONTACTEZ-NOUS\n\t\t\t\t\t<\/a>","protected":false},"excerpt":{"rendered":"<p>Pourquoi des \u00e9missions de Drone ? Pourquoi devriez-vous faire un show de drones ? Bonne question! Les spectacles de drones sont \u00e0 l\u2019aube de leur grandeur. Il y a plusieurs raisons pour lesquelles nous allons voir leur popularit\u00e9 augmenter \u00e0 travers l&#039;Am\u00e9rique du Nord : De nouvelles possibilit\u00e9s artistiques passionnantes Capacit\u00e9 de narration R\u00e9plication parfaite des logos des sponsors Technologie verte Silencieux (le public et leurs animaux de compagnie appr\u00e9cient \u2026 <a title=\"\u00c0 propos de nous\" class=\"read-more\" href=\"https:\/\/northstardroneshows.com\/fr\/about-us\/\" aria-label=\"En savoir plus sur \u00c0 propos de nous\">Continuer la lecture<\/a><\/p>","protected":false},"author":1,"featured_media":0,"parent":0,"menu_order":0,"comment_status":"closed","ping_status":"closed","template":"","meta":{"footnotes":""},"class_list":["post-47","page","type-page","status-publish"],"_links":{"self":[{"href":"https:\/\/northstardroneshows.com\/fr\/wp-json\/wp\/v2\/pages\/47","targetHints":{"allow":["GET"]}}],"collection":[{"href":"https:\/\/northstardroneshows.com\/fr\/wp-json\/wp\/v2\/pages"}],"about":[{"href":"https:\/\/northstardroneshows.com\/fr\/wp-json\/wp\/v2\/types\/page"}],"author":[{"embeddable":true,"href":"https:\/\/northstardroneshows.com\/fr\/wp-json\/wp\/v2\/users\/1"}],"replies":[{"embeddable":true,"href":"https:\/\/northstardroneshows.com\/fr\/wp-json\/wp\/v2\/comments?post=47"}],"version-history":[{"count":49,"href":"https:\/\/northstardroneshows.com\/fr\/wp-json\/wp\/v2\/pages\/47\/revisions"}],"predecessor-version":[{"id":641,"href":"https:\/\/northstardroneshows.com\/fr\/wp-json\/wp\/v2\/pages\/47\/revisions\/641"}],"wp:attachment":[{"href":"https:\/\/northstardroneshows.com\/fr\/wp-json\/wp\/v2\/media?parent=47"}],"curies":[{"name":"wp","href":"https:\/\/api.w.org\/{rel}","templated":true}]}}